{"id":135,"date":"2022-11-28T15:35:06","date_gmt":"2022-11-28T14:35:06","guid":{"rendered":"https:\/\/emoria-ev.de\/?page_id=135"},"modified":"2023-05-31T17:44:57","modified_gmt":"2023-05-31T15:44:57","slug":"startseite","status":"publish","type":"page","link":"https:\/\/emoria-ev.de\/","title":{"rendered":"Pflanzaktion Fr\u00fchlingsbl\u00fcher &#8211; Hilfe f\u00fcr Insekten"},"content":{"rendered":"<div class=\"kb-row-layout-wrap kb-row-layout-id_10508b-82 alignnone wp-block-kadence-rowlayout\"><div class=\"kt-row-column-wrap kt-has-1-columns kt-row-layout-equal kt-tab-layout-inherit kt-mobile-layout-row kt-row-valign-top\">\n\n<div class=\"wp-block-kadence-column kadence-column_168148-b6 inner-column-1\"><div class=\"kt-inside-inner-col\">\n<p>Am 15.11.2022 haben wir als unsere erste Aktion als Verein zusammen mit Birgit Graf und Stefan Haslinger, zwei G\u00e4rtnern der Stadtverwaltung und Franz Brunner, dem 2. B\u00fcrgermeister von Maxh\u00fctte-Haidhof in der Dr.-Karl-Senft-Stra\u00dfe den Kreisverkehr bepflanzt. Alle Kinder hatten gro\u00dfen Spa\u00df! Die Blumenzwiebeln flogen nur so in die vorbereiteten L\u00f6cher.<\/p>\n\n\n\n<p>Im Fr\u00fchling werden dort Narzissen, Tulpen, Hyazinthen und Krokusse erbl\u00fchen. Wir sind schon sehr gespannt, wie das Beet im Fr\u00fchling aussehen wird und hoffen, dass sich die Bewohner der Stadt Maxh\u00fctte-Haidhof und die Insekten daran erfreuen werden.<\/p>\n\n\n\n<p>Wir sind sehr dankbar f\u00fcr die tolle Unterst\u00fctzung seitens der Stadt Maxh\u00fctte-Haidhof. Sie hat uns bereits weitere Unterst\u00fctzung angeboten. <\/p>\n<\/div><\/div>\n\n<\/div><\/div>\n\n\n<figure class=\"wp-block-gallery aligncenter has-nested-images columns-2 is-cropped wp-block-gallery-1 is-layout-flex wp-block-gallery-is-layout-flex\">\n<figure class=\"wp-block-image size-medium\"><img loading=\"lazy\" decoding=\"async\" width=\"300\" height=\"225\" data-id=\"261\" src=\"https:\/\/emoria-ev.de\/wp-content\/uploads\/2022\/12\/0d185656-1b55-4c39-b011-c1ceec4d5031-1-300x225.jpeg\" alt=\"\" class=\"wp-image-261\" srcset=\"https:\/\/emoria-ev.de\/wp-content\/uploads\/2022\/12\/0d185656-1b55-4c39-b011-c1ceec4d5031-1-300x225.jpeg 300w, https:\/\/emoria-ev.de\/wp-content\/uploads\/2022\/12\/0d185656-1b55-4c39-b011-c1ceec4d5031-1-1024x768.jpeg 1024w, https:\/\/emoria-ev.de\/wp-content\/uploads\/2022\/12\/0d185656-1b55-4c39-b011-c1ceec4d5031-1-768x576.jpeg 768w, https:\/\/emoria-ev.de\/wp-content\/uploads\/2022\/12\/0d185656-1b55-4c39-b011-c1ceec4d5031-1-1536x1152.jpeg 1536w, https:\/\/emoria-ev.de\/wp-content\/uploads\/2022\/12\/0d185656-1b55-4c39-b011-c1ceec4d5031-1.jpeg 2016w\" sizes=\"auto, (max-width: 300px) 100vw, 300px\" \/><\/figure>\n\n\n\n<figure class=\"wp-block-image size-medium\"><img loading=\"lazy\" decoding=\"async\" width=\"300\" height=\"225\" data-id=\"259\" src=\"https:\/\/emoria-ev.de\/wp-content\/uploads\/2022\/12\/1cebd8c1-0054-46ef-a7fd-87460bd4ae84-300x225.jpeg\" alt=\"\" class=\"wp-image-259\" srcset=\"https:\/\/emoria-ev.de\/wp-content\/uploads\/2022\/12\/1cebd8c1-0054-46ef-a7fd-87460bd4ae84-300x225.jpeg 300w, https:\/\/emoria-ev.de\/wp-content\/uploads\/2022\/12\/1cebd8c1-0054-46ef-a7fd-87460bd4ae84-1024x768.jpeg 1024w, https:\/\/emoria-ev.de\/wp-content\/uploads\/2022\/12\/1cebd8c1-0054-46ef-a7fd-87460bd4ae84-768x576.jpeg 768w, https:\/\/emoria-ev.de\/wp-content\/uploads\/2022\/12\/1cebd8c1-0054-46ef-a7fd-87460bd4ae84-1536x1152.jpeg 1536w, https:\/\/emoria-ev.de\/wp-content\/uploads\/2022\/12\/1cebd8c1-0054-46ef-a7fd-87460bd4ae84.jpeg 2016w\" sizes=\"auto, (max-width: 300px) 100vw, 300px\" \/><\/figure>\n\n\n\n<figure class=\"wp-block-image size-medium\"><img loading=\"lazy\" decoding=\"async\" width=\"225\" height=\"300\" data-id=\"258\" src=\"https:\/\/emoria-ev.de\/wp-content\/uploads\/2022\/12\/2d215c83-a66b-4143-8bed-2678c349208d-225x300.jpeg\" alt=\"\" class=\"wp-image-258\" srcset=\"https:\/\/emoria-ev.de\/wp-content\/uploads\/2022\/12\/2d215c83-a66b-4143-8bed-2678c349208d-225x300.jpeg 225w, https:\/\/emoria-ev.de\/wp-content\/uploads\/2022\/12\/2d215c83-a66b-4143-8bed-2678c349208d-768x1024.jpeg 768w, https:\/\/emoria-ev.de\/wp-content\/uploads\/2022\/12\/2d215c83-a66b-4143-8bed-2678c349208d-1152x1536.jpeg 1152w, https:\/\/emoria-ev.de\/wp-content\/uploads\/2022\/12\/2d215c83-a66b-4143-8bed-2678c349208d.jpeg 1512w\" sizes=\"auto, (max-width: 225px) 100vw, 225px\" \/><\/figure>\n\n\n\n<figure class=\"wp-block-image size-medium\"><img loading=\"lazy\" decoding=\"async\" width=\"225\" height=\"300\" data-id=\"260\" src=\"https:\/\/emoria-ev.de\/wp-content\/uploads\/2022\/12\/4a640c74-642f-41a9-9c06-b71ad7313428-1-225x300.jpeg\" alt=\"\" class=\"wp-image-260\" srcset=\"https:\/\/emoria-ev.de\/wp-content\/uploads\/2022\/12\/4a640c74-642f-41a9-9c06-b71ad7313428-1-225x300.jpeg 225w, https:\/\/emoria-ev.de\/wp-content\/uploads\/2022\/12\/4a640c74-642f-41a9-9c06-b71ad7313428-1-768x1024.jpeg 768w, https:\/\/emoria-ev.de\/wp-content\/uploads\/2022\/12\/4a640c74-642f-41a9-9c06-b71ad7313428-1-1152x1536.jpeg 1152w, https:\/\/emoria-ev.de\/wp-content\/uploads\/2022\/12\/4a640c74-642f-41a9-9c06-b71ad7313428-1.jpeg 1512w\" sizes=\"auto, (max-width: 225px) 100vw, 225px\" \/><\/figure>\n\n\n\n<figure class=\"wp-block-image size-medium\"><img loading=\"lazy\" decoding=\"async\" width=\"300\" height=\"225\" data-id=\"264\" src=\"https:\/\/emoria-ev.de\/wp-content\/uploads\/2022\/12\/5ff8f718-dc45-487c-bd92-15b99062c47b-1-300x225.jpeg\" alt=\"\" class=\"wp-image-264\" srcset=\"https:\/\/emoria-ev.de\/wp-content\/uploads\/2022\/12\/5ff8f718-dc45-487c-bd92-15b99062c47b-1-300x225.jpeg 300w, https:\/\/emoria-ev.de\/wp-content\/uploads\/2022\/12\/5ff8f718-dc45-487c-bd92-15b99062c47b-1-1024x768.jpeg 1024w, https:\/\/emoria-ev.de\/wp-content\/uploads\/2022\/12\/5ff8f718-dc45-487c-bd92-15b99062c47b-1-768x576.jpeg 768w, https:\/\/emoria-ev.de\/wp-content\/uploads\/2022\/12\/5ff8f718-dc45-487c-bd92-15b99062c47b-1-1536x1152.jpeg 1536w, https:\/\/emoria-ev.de\/wp-content\/uploads\/2022\/12\/5ff8f718-dc45-487c-bd92-15b99062c47b-1.jpeg 2016w\" sizes=\"auto, (max-width: 300px) 100vw, 300px\" \/><\/figure>\n\n\n\n<figure class=\"wp-block-image size-medium\"><img loading=\"lazy\" decoding=\"async\" width=\"225\" height=\"300\" data-id=\"262\" src=\"https:\/\/emoria-ev.de\/wp-content\/uploads\/2022\/12\/5000d801-a373-4e88-9393-6d4f388667a8-1-225x300.jpeg\" alt=\"\" class=\"wp-image-262\" srcset=\"https:\/\/emoria-ev.de\/wp-content\/uploads\/2022\/12\/5000d801-a373-4e88-9393-6d4f388667a8-1-225x300.jpeg 225w, https:\/\/emoria-ev.de\/wp-content\/uploads\/2022\/12\/5000d801-a373-4e88-9393-6d4f388667a8-1-768x1024.jpeg 768w, https:\/\/emoria-ev.de\/wp-content\/uploads\/2022\/12\/5000d801-a373-4e88-9393-6d4f388667a8-1-1152x1536.jpeg 1152w, https:\/\/emoria-ev.de\/wp-content\/uploads\/2022\/12\/5000d801-a373-4e88-9393-6d4f388667a8-1.jpeg 1512w\" sizes=\"auto, (max-width: 225px) 100vw, 225px\" \/><\/figure>\n\n\n\n<figure class=\"wp-block-image size-medium\"><img loading=\"lazy\" decoding=\"async\" width=\"300\" height=\"225\" data-id=\"251\" src=\"https:\/\/emoria-ev.de\/wp-content\/uploads\/2022\/12\/cc7f4587-96a0-44c1-bfd6-24d5323a303b-300x225.jpeg\" alt=\"\" class=\"wp-image-251\" srcset=\"https:\/\/emoria-ev.de\/wp-content\/uploads\/2022\/12\/cc7f4587-96a0-44c1-bfd6-24d5323a303b-300x225.jpeg 300w, https:\/\/emoria-ev.de\/wp-content\/uploads\/2022\/12\/cc7f4587-96a0-44c1-bfd6-24d5323a303b-1024x768.jpeg 1024w, https:\/\/emoria-ev.de\/wp-content\/uploads\/2022\/12\/cc7f4587-96a0-44c1-bfd6-24d5323a303b-768x576.jpeg 768w, https:\/\/emoria-ev.de\/wp-content\/uploads\/2022\/12\/cc7f4587-96a0-44c1-bfd6-24d5323a303b-1536x1152.jpeg 1536w, https:\/\/emoria-ev.de\/wp-content\/uploads\/2022\/12\/cc7f4587-96a0-44c1-bfd6-24d5323a303b.jpeg 2016w\" sizes=\"auto, (max-width: 300px) 100vw, 300px\" \/><\/figure>\n\n\n\n<figure class=\"wp-block-image size-medium\"><img loading=\"lazy\" decoding=\"async\" width=\"225\" height=\"300\" data-id=\"255\" src=\"https:\/\/emoria-ev.de\/wp-content\/uploads\/2022\/12\/eade052c-0a35-4e18-88bf-118ebafbdc7b-225x300.jpeg\" alt=\"\" class=\"wp-image-255\" srcset=\"https:\/\/emoria-ev.de\/wp-content\/uploads\/2022\/12\/eade052c-0a35-4e18-88bf-118ebafbdc7b-225x300.jpeg 225w, https:\/\/emoria-ev.de\/wp-content\/uploads\/2022\/12\/eade052c-0a35-4e18-88bf-118ebafbdc7b-768x1024.jpeg 768w, https:\/\/emoria-ev.de\/wp-content\/uploads\/2022\/12\/eade052c-0a35-4e18-88bf-118ebafbdc7b-1152x1536.jpeg 1152w, https:\/\/emoria-ev.de\/wp-content\/uploads\/2022\/12\/eade052c-0a35-4e18-88bf-118ebafbdc7b.jpeg 1512w\" sizes=\"auto, (max-width: 225px) 100vw, 225px\" \/><\/figure>\n\n\n\n<figure class=\"wp-block-image size-medium\"><img loading=\"lazy\" decoding=\"async\" width=\"300\" height=\"225\" data-id=\"250\" src=\"https:\/\/emoria-ev.de\/wp-content\/uploads\/2022\/12\/Foto-Pflanzaktion-offizielle-der-Stadt-300x225.jpg\" alt=\"\" class=\"wp-image-250\" srcset=\"https:\/\/emoria-ev.de\/wp-content\/uploads\/2022\/12\/Foto-Pflanzaktion-offizielle-der-Stadt-300x225.jpg 300w, https:\/\/emoria-ev.de\/wp-content\/uploads\/2022\/12\/Foto-Pflanzaktion-offizielle-der-Stadt-1024x767.jpg 1024w, https:\/\/emoria-ev.de\/wp-content\/uploads\/2022\/12\/Foto-Pflanzaktion-offizielle-der-Stadt-768x576.jpg 768w, https:\/\/emoria-ev.de\/wp-content\/uploads\/2022\/12\/Foto-Pflanzaktion-offizielle-der-Stadt-1536x1151.jpg 1536w, https:\/\/emoria-ev.de\/wp-content\/uploads\/2022\/12\/Foto-Pflanzaktion-offizielle-der-Stadt-2048x1535.jpg 2048w\" sizes=\"auto, (max-width: 300px) 100vw, 300px\" \/><\/figure>\n<\/figure>\n\n\n\n<div class=\"wp-block-kadence-spacer aligncenter kt-block-spacer-_20f40f-f7\"><div class=\"kt-block-spacer kt-block-spacer-halign-center\"><hr class=\"kt-divider\"\/><\/div><\/div>\n\n\n\n<p class=\"has-x-large-font-size\">Hoppla,<\/p>\n\n\n<div class=\"kb-row-layout-wrap kb-row-layout-id_506030-27 alignnone wp-block-kadence-rowlayout\"><div class=\"kt-row-column-wrap kt-has-1-columns kt-row-layout-equal kt-tab-layout-inherit kt-mobile-layout-row kt-row-valign-top\">\n\n<div class=\"wp-block-kadence-column kadence-column_6fbd06-57\"><div class=\"kt-inside-inner-col\">\n<p class=\"has-medium-font-size\">kaum sind ein paar laaaange und kalte Monate vergangen, sieht es pl\u00f6tzlich so sch\u00f6n aus. Endlich ist der Fr\u00fchling da! Die Kinder und wir haben uns sehr gefreut, dass aus den Zwiebeln so wunderbare Pflanzen geworden sind. <\/p>\n<\/div><\/div>\n\n<\/div><\/div>\n\n\n<figure class=\"wp-block-gallery has-nested-images columns-default is-cropped wp-block-gallery-2 is-layout-flex wp-block-gallery-is-layout-flex\"><\/figure>\n\n\n\n<figure class=\"wp-block-image size-full\"><img loading=\"lazy\" decoding=\"async\" width=\"1600\" height=\"1200\" src=\"https:\/\/emoria-ev.de\/wp-content\/uploads\/2023\/05\/aa488bd8-3278-4a20-a927-b837973f6ad3-1.jpeg\" alt=\"\" class=\"wp-image-341\" srcset=\"https:\/\/emoria-ev.de\/wp-content\/uploads\/2023\/05\/aa488bd8-3278-4a20-a927-b837973f6ad3-1.jpeg 1600w, https:\/\/emoria-ev.de\/wp-content\/uploads\/2023\/05\/aa488bd8-3278-4a20-a927-b837973f6ad3-1-300x225.jpeg 300w, https:\/\/emoria-ev.de\/wp-content\/uploads\/2023\/05\/aa488bd8-3278-4a20-a927-b837973f6ad3-1-1024x768.jpeg 1024w, https:\/\/emoria-ev.de\/wp-content\/uploads\/2023\/05\/aa488bd8-3278-4a20-a927-b837973f6ad3-1-768x576.jpeg 768w, https:\/\/emoria-ev.de\/wp-content\/uploads\/2023\/05\/aa488bd8-3278-4a20-a927-b837973f6ad3-1-1536x1152.jpeg 1536w\" sizes=\"auto, (max-width: 1600px) 100vw, 1600px\" \/><figcaption class=\"wp-element-caption\">Mitte April<\/figcaption><\/figure>\n\n\n\n<figure class=\"wp-block-image size-full\"><img loading=\"lazy\" decoding=\"async\" width=\"2560\" height=\"1920\" src=\"https:\/\/emoria-ev.de\/wp-content\/uploads\/2023\/05\/IMG_5678-1-scaled.jpeg\" alt=\"\" class=\"wp-image-339\" srcset=\"https:\/\/emoria-ev.de\/wp-content\/uploads\/2023\/05\/IMG_5678-1-scaled.jpeg 2560w, https:\/\/emoria-ev.de\/wp-content\/uploads\/2023\/05\/IMG_5678-1-300x225.jpeg 300w, https:\/\/emoria-ev.de\/wp-content\/uploads\/2023\/05\/IMG_5678-1-1024x768.jpeg 1024w, https:\/\/emoria-ev.de\/wp-content\/uploads\/2023\/05\/IMG_5678-1-768x576.jpeg 768w, https:\/\/emoria-ev.de\/wp-content\/uploads\/2023\/05\/IMG_5678-1-1536x1152.jpeg 1536w, https:\/\/emoria-ev.de\/wp-content\/uploads\/2023\/05\/IMG_5678-1-2048x1536.jpeg 2048w\" sizes=\"auto, (max-width: 2560px) 100vw, 2560px\" \/><figcaption class=\"wp-element-caption\">Mitte Mai<\/figcaption><\/figure>\n\n\n\n<figure class=\"wp-block-image size-full\"><img loading=\"lazy\" decoding=\"async\" width=\"2560\" height=\"1920\" src=\"https:\/\/emoria-ev.de\/wp-content\/uploads\/2023\/05\/IMG_5680-1-scaled.jpeg\" alt=\"\" class=\"wp-image-340\" srcset=\"https:\/\/emoria-ev.de\/wp-content\/uploads\/2023\/05\/IMG_5680-1-scaled.jpeg 2560w, https:\/\/emoria-ev.de\/wp-content\/uploads\/2023\/05\/IMG_5680-1-300x225.jpeg 300w, https:\/\/emoria-ev.de\/wp-content\/uploads\/2023\/05\/IMG_5680-1-1024x768.jpeg 1024w, https:\/\/emoria-ev.de\/wp-content\/uploads\/2023\/05\/IMG_5680-1-768x576.jpeg 768w, https:\/\/emoria-ev.de\/wp-content\/uploads\/2023\/05\/IMG_5680-1-1536x1152.jpeg 1536w, https:\/\/emoria-ev.de\/wp-content\/uploads\/2023\/05\/IMG_5680-1-2048x1536.jpeg 2048w\" sizes=\"auto, (max-width: 2560px) 100vw, 2560px\" \/><figcaption class=\"wp-element-caption\">Mitte Mai<\/figcaption><\/figure>\n","protected":false},"excerpt":{"rendered":"<p>Am 15.11.2022 haben wir als unsere erste Aktion als Verein zusammen mit Birgit Graf und Stefan Haslinger, zwei G\u00e4rtnern der Stadtverwaltung und Franz Brunner, dem 2. B\u00fcrgermeister von Maxh\u00fctte-Haidhof in der Dr.-Karl-Senft-Stra\u00dfe den Kreisverkehr bepflanzt. Alle Kinder hatten gro\u00dfen Spa\u00df! Die Blumenzwiebeln flogen nur so in die vorbereiteten L\u00f6cher. Im Fr\u00fchling werden dort Narzissen, Tulpen, [&hellip;]<\/p>\n","protected":false},"author":3,"featured_media":0,"parent":0,"menu_order":0,"comment_status":"closed","ping_status":"closed","template":"emoria-homepage-design-l1","meta":{"footnotes":""},"class_list":["post-135","page","type-page","status-publish","hentry"],"_links":{"self":[{"href":"https:\/\/emoria-ev.de\/index.php?rest_route=\/wp\/v2\/pages\/135","targetHints":{"allow":["GET"]}}],"collection":[{"href":"https:\/\/emoria-ev.de\/index.php?rest_route=\/wp\/v2\/pages"}],"about":[{"href":"https:\/\/emoria-ev.de\/index.php?rest_route=\/wp\/v2\/types\/page"}],"author":[{"embeddable":true,"href":"https:\/\/emoria-ev.de\/index.php?rest_route=\/wp\/v2\/users\/3"}],"replies":[{"embeddable":true,"href":"https:\/\/emoria-ev.de\/index.php?rest_route=%2Fwp%2Fv2%2Fcomments&post=135"}],"version-history":[{"count":9,"href":"https:\/\/emoria-ev.de\/index.php?rest_route=\/wp\/v2\/pages\/135\/revisions"}],"predecessor-version":[{"id":342,"href":"https:\/\/emoria-ev.de\/index.php?rest_route=\/wp\/v2\/pages\/135\/revisions\/342"}],"wp:attachment":[{"href":"https:\/\/emoria-ev.de\/index.php?rest_route=%2Fwp%2Fv2%2Fmedia&parent=135"}],"curies":[{"name":"wp","href":"https:\/\/api.w.org\/{rel}","templated":true}]}}