{"id":213,"date":"2022-12-06T18:19:33","date_gmt":"2022-12-06T17:19:33","guid":{"rendered":"https:\/\/emoria-ev.de\/?page_id=213"},"modified":"2022-12-16T09:25:30","modified_gmt":"2022-12-16T08:25:30","slug":"wer-wir-sind","status":"publish","type":"page","link":"https:\/\/emoria-ev.de\/?page_id=213","title":{"rendered":"Wer wir sind"},"content":{"rendered":"\n<p class=\"has-text-align-left\" style=\"margin-top:var(--wp--preset--spacing--40);margin-right:var(--wp--preset--spacing--40);margin-bottom:var(--wp--preset--spacing--40);margin-left:var(--wp--preset--spacing--40)\">Zun\u00e4chst m\u00f6chten wir die Gelegenheit nutzen, kurz die Bedeutung von E.M.O.R.I.A. zu erkl\u00e4ren. EMORIA setzt sich aus den beiden Namen Emma und Victoria zusammen. Denn durch Emma und Victoria haben ihre beiden M\u00fctter Leonie und Iris zueinander gefunden und es ist in Folge ein kleiner \u201eStammtisch\u201c mehrere M\u00fctter entstanden, im Laufe dessen dann die Idee f\u00fcr den Verein geboren wurde.<\/p>\n\n\n\n<p class=\"has-text-align-left\" style=\"margin-top:var(--wp--preset--spacing--40);margin-right:var(--wp--preset--spacing--40);margin-bottom:var(--wp--preset--spacing--40);margin-left:var(--wp--preset--spacing--40)\">E.M.O.R.I.A. ist aber dar\u00fcber hinaus auch ein Akronym, in dem jeder Buchstabe f\u00fcr ein Wort steht. In unserem Fall f\u00fcr Erkrankungen\/Diagnosen, die gleichzeitig die Zielgruppe unseres Vereins definieren (mehr dazu siehe die Satzung des Vereins bzw. auf Nachfrage)<\/p>\n\n\n\n<p class=\"has-text-align-left\" style=\"margin-top:var(--wp--preset--spacing--40);margin-right:var(--wp--preset--spacing--40);margin-bottom:var(--wp--preset--spacing--40);margin-left:var(--wp--preset--spacing--40)\"><strong>E <\/strong>&nbsp;&nbsp;steht f\u00fcr Entwicklungsverz\u00f6gerung<\/p>\n\n\n\n<p class=\"has-text-align-left\" style=\"margin-top:var(--wp--preset--spacing--40);margin-right:var(--wp--preset--spacing--40);margin-bottom:var(--wp--preset--spacing--40);margin-left:var(--wp--preset--spacing--40)\"><strong>M<\/strong>&nbsp; steht f\u00fcr Muskelerkrankungen<\/p>\n\n\n\n<p class=\"has-text-align-left\" style=\"margin-top:var(--wp--preset--spacing--40);margin-right:var(--wp--preset--spacing--40);margin-bottom:var(--wp--preset--spacing--40);margin-left:var(--wp--preset--spacing--40)\"><strong>O<\/strong>&nbsp; steht f\u00fcr Organsch\u00e4den (z.B. Sch\u00e4den des ZNS)<\/p>\n\n\n\n<p class=\"has-text-align-left\" style=\"margin-top:var(--wp--preset--spacing--40);margin-right:var(--wp--preset--spacing--40);margin-bottom:var(--wp--preset--spacing--40);margin-left:var(--wp--preset--spacing--40)\"><strong>R<\/strong>&nbsp; steht f\u00fcr regressive Erkrankungen<\/p>\n\n\n\n<p class=\"has-text-align-left\" style=\"margin-top:var(--wp--preset--spacing--40);margin-right:var(--wp--preset--spacing--40);margin-bottom:var(--wp--preset--spacing--40);margin-left:var(--wp--preset--spacing--40)\"><strong>I &nbsp;&nbsp;<\/strong>steht f\u00fcr Immundefekte<\/p>\n\n\n\n<p class=\"has-text-align-left\" style=\"margin-top:var(--wp--preset--spacing--40);margin-right:var(--wp--preset--spacing--40);margin-bottom:var(--wp--preset--spacing--40);margin-left:var(--wp--preset--spacing--40)\"><strong>A<\/strong>&nbsp; steht f\u00fcr Anfallsleiden, also Epilepsie<\/p>\n\n\n\n<p class=\"has-text-align-left\" style=\"margin-top:var(--wp--preset--spacing--40);margin-right:var(--wp--preset--spacing--40);margin-bottom:var(--wp--preset--spacing--40);margin-left:var(--wp--preset--spacing--40)\"><\/p>\n\n\n\n<p><\/p>\n\n\n\n<p class=\"has-text-align-left has-medium-font-size\" style=\"margin-top:var(--wp--preset--spacing--40);margin-right:var(--wp--preset--spacing--40);margin-bottom:var(--wp--preset--spacing--40);margin-left:var(--wp--preset--spacing--40)\"><strong>Aber nun zu uns<\/strong><\/p>\n\n\n\n<p class=\"has-text-align-left\" style=\"margin-top:var(--wp--preset--spacing--40);margin-right:var(--wp--preset--spacing--40);margin-bottom:var(--wp--preset--spacing--40);margin-left:var(--wp--preset--spacing--40)\">Hallo wir sind die Reichels,<\/p>\n\n\n\n<p class=\"has-text-align-left\" style=\"margin-top:var(--wp--preset--spacing--40);margin-right:var(--wp--preset--spacing--40);margin-bottom:var(--wp--preset--spacing--40);margin-left:var(--wp--preset--spacing--40)\">das sind Mama Iris, Juristin und Familienmanagerin. Sie geht gerne schwimmen und verbringt gerne Abende mit Freunden bei Gesellschaftsspielen.<\/p>\n\n\n\n<p class=\"has-text-align-left\" style=\"margin-top:var(--wp--preset--spacing--40);margin-right:var(--wp--preset--spacing--40);margin-bottom:var(--wp--preset--spacing--40);margin-left:var(--wp--preset--spacing--40)\">Papa Filip, Informatiker und f\u00fcr die handwerklichen Dinge im Haus zust\u00e4ndig. Papa hat sein Hobby zum Beruf gemacht und l\u00e4sst sich immer wieder Dinge einfallen, die uns unser t\u00e4gliches Leben erleichtern.<\/p>\n\n\n\n<p class=\"has-text-align-left\" style=\"margin-top:var(--wp--preset--spacing--40);margin-right:var(--wp--preset--spacing--40);margin-bottom:var(--wp--preset--spacing--40);margin-left:var(--wp--preset--spacing--40)\">Der gro\u00dfe Bruder Felix ist ein echter Pok\u00e9mon Fan. In seiner Freizeit spielt er gerne Fu\u00dfball oder geht bouldern.<\/p>\n\n\n\n<p class=\"has-text-align-left\" style=\"margin-top:var(--wp--preset--spacing--40);margin-right:var(--wp--preset--spacing--40);margin-bottom:var(--wp--preset--spacing--40);margin-left:var(--wp--preset--spacing--40)\">Der kleinere Bruder Moritz, endlich Schulkind. Er l\u00e4sst sich mit seiner offenen Art f\u00fcr so vieles begeistern. Er spielt auch gerne Fu\u00dfball und trifft sich gerne mit seinen Freunden, um drau\u00dfen oder im Wald zu spielen.<\/p>\n\n\n\n<p class=\"has-text-align-left\" style=\"margin-top:var(--wp--preset--spacing--40);margin-right:var(--wp--preset--spacing--40);margin-bottom:var(--wp--preset--spacing--40);margin-left:var(--wp--preset--spacing--40)\">Meine Schwester Juliane. Sie liebt es B\u00fccher zu lesen, ist neugierig und immer gut gelaunt. Sie spielt Volleyball im Verein und ist richtig gut.<\/p>\n\n\n\n<p class=\"has-text-align-left\" style=\"margin-top:var(--wp--preset--spacing--40);margin-right:var(--wp--preset--spacing--40);margin-bottom:var(--wp--preset--spacing--40);margin-left:var(--wp--preset--spacing--40)\">Dann gibt\u2018s noch mich. Ich hei\u00dfe Victoria und damit das Nesth\u00e4kchen der Familie. Trotzdem halte ich alle ganz sch\u00f6n auf Trab, langweilig wird es mit mir auf keinen Fall ich habe das Leben meiner Familie ganz sch\u00f6n durcheinander gebracht. Ich gehe gerne in den Kindergarten und bin ein gro\u00dfer Fan von Peppa Wutz und liebe Eulen \u00fcber alles.<\/p>\n\n\n\n<p><\/p>\n\n\n\n<p class=\"has-text-align-left\" style=\"margin-top:var(--wp--preset--spacing--40);margin-right:var(--wp--preset--spacing--40);margin-bottom:var(--wp--preset--spacing--40);margin-left:var(--wp--preset--spacing--40)\">Wir sind die Familie Eimer,<\/p>\n\n\n\n<p class=\"has-text-align-left\" style=\"margin-top:var(--wp--preset--spacing--40);margin-right:var(--wp--preset--spacing--40);margin-bottom:var(--wp--preset--spacing--40);margin-left:var(--wp--preset--spacing--40)\">das sind meine Mama Leonie, Molekularbiologin, derzeit t\u00e4tig in Lehre und Forschung und mein Papa Christian, Neurochirurg. Ihre gr\u00f6\u00dfte Leidenschaft ist das Tauchen, eine Leidenschaft, die derzeit leider auf Eis liegt.<\/p>\n\n\n\n<p class=\"has-text-align-left\" style=\"margin-top:var(--wp--preset--spacing--40);margin-right:var(--wp--preset--spacing--40);margin-bottom:var(--wp--preset--spacing--40);margin-left:var(--wp--preset--spacing--40)\">Meine beiden kleinen Schwestern hei\u00dfen Lea und Hannah. Lea ist unser kleines Nesth\u00e4kchen, ein wahrlich frecher Fratz und Sonnenschein, der uns ganz sch\u00f6n aufmischt, unsere Familie aber auf wundervolle Weise vervollst\u00e4ndigt hat. Und Hannah, sie ist die beste kleine und gro\u00dfe Schwester der Welt und abenteuerlustiges Waldkindergartenkind.<\/p>\n\n\n\n<p class=\"has-text-align-left\" style=\"margin-top:var(--wp--preset--spacing--40);margin-right:var(--wp--preset--spacing--40);margin-bottom:var(--wp--preset--spacing--40);margin-left:var(--wp--preset--spacing--40)\">Und ich bin Emma, die \u00e4lteste der M\u00e4dchenbande. Weil es mich gibt, haben meine Eltern zusammen mit den anderen Familien diesen Verein gegr\u00fcndet.<\/p>\n\n\n\n<p class=\"has-text-align-left\" style=\"margin-top:var(--wp--preset--spacing--40);margin-right:var(--wp--preset--spacing--40);margin-bottom:var(--wp--preset--spacing--40);margin-left:var(--wp--preset--spacing--40)\"><\/p>\n\n\n\n<p class=\"has-text-align-left\" style=\"margin-top:var(--wp--preset--spacing--40);margin-right:var(--wp--preset--spacing--40);margin-bottom:var(--wp--preset--spacing--40);margin-left:var(--wp--preset--spacing--40)\">Hallo, wir sind die Grubers.<\/p>\n\n\n\n<p class=\"has-text-align-left\" style=\"margin-top:var(--wp--preset--spacing--40);margin-right:var(--wp--preset--spacing--40);margin-bottom:var(--wp--preset--spacing--40);margin-left:var(--wp--preset--spacing--40)\">Mama Anja, ich bin momentan zuhause bei den Kindern, habe Jura studiert und mit zwei Examina abgeschlossen. Ich tanze, backe, bastle und n\u00e4he gerne und betreue die Social-Media-Kan\u00e4le von Emoria.<\/p>\n\n\n\n<p class=\"has-text-align-left\" style=\"margin-top:var(--wp--preset--spacing--40);margin-right:var(--wp--preset--spacing--40);margin-bottom:var(--wp--preset--spacing--40);margin-left:var(--wp--preset--spacing--40)\">Papa Fabian, ich arbeite als Chemikant bei der Nabaltec AG in Schwandorf. Ich liebe tanzen und organisiere ehrenamtlich das Regensburger Tanzturnier \u201eDie ReTaTa\u201c. Wenn Arbeit und Familie mir die Zeit lassen, spiele ich gerne verschiedene Computerspiele wie zum Beispiel Skyrim, Anno, oder Path of Exile.<\/p>\n\n\n\n<p class=\"has-text-align-left\" style=\"margin-top:var(--wp--preset--spacing--40);margin-right:var(--wp--preset--spacing--40);margin-bottom:var(--wp--preset--spacing--40);margin-left:var(--wp--preset--spacing--40)\">Gemeinsam haben wir vier Kinder.<\/p>\n\n\n\n<p class=\"has-text-align-left\" style=\"margin-top:var(--wp--preset--spacing--40);margin-right:var(--wp--preset--spacing--40);margin-bottom:var(--wp--preset--spacing--40);margin-left:var(--wp--preset--spacing--40)\">Unsere \u00c4lteste, Eleonore ist begeistertes Vorschulkind. Sie liebt tanzen und lesen, auch wenn sie es noch nicht kann.<\/p>\n\n\n\n<p class=\"has-text-align-left\" style=\"margin-top:var(--wp--preset--spacing--40);margin-right:var(--wp--preset--spacing--40);margin-bottom:var(--wp--preset--spacing--40);margin-left:var(--wp--preset--spacing--40)\">Die Zweite, Viola ist gerade in den Kindergarten gekommen. Auch sie tanzt gerne, klettert wirklich \u00fcberall rauf und versucht immer alles gleichzeitig zu machen.<\/p>\n\n\n\n<p class=\"has-text-align-left\" style=\"margin-top:var(--wp--preset--spacing--40);margin-right:var(--wp--preset--spacing--40);margin-bottom:var(--wp--preset--spacing--40);margin-left:var(--wp--preset--spacing--40)\">Unser drittes Kind, Kaya, ist ein Sternenkind. Konstantin, unser Regenbogenkind ist gerade 1. Er ist ein fr\u00f6hliches Wusel, das am liebsten mit Mama kuschelt oder auf ihr rumturnt.<\/p>\n","protected":false},"excerpt":{"rendered":"<p>Zun\u00e4chst m\u00f6chten wir die Gelegenheit nutzen, kurz die Bedeutung von E.M.O.R.I.A. zu erkl\u00e4ren. EMORIA setzt sich aus den beiden Namen Emma und Victoria zusammen. Denn durch Emma und Victoria haben ihre beiden M\u00fctter Leonie und Iris zueinander gefunden und es ist in Folge ein kleiner \u201eStammtisch\u201c mehrere M\u00fctter entstanden, im Laufe dessen dann die Idee [&hellip;]<\/p>\n","protected":false},"author":3,"featured_media":0,"parent":0,"menu_order":0,"comment_status":"closed","ping_status":"closed","template":"emoria-inner-page-l1","meta":{"footnotes":""},"class_list":["post-213","page","type-page","status-publish","hentry"],"_links":{"self":[{"href":"https:\/\/emoria-ev.de\/index.php?rest_route=\/wp\/v2\/pages\/213","targetHints":{"allow":["GET"]}}],"collection":[{"href":"https:\/\/emoria-ev.de\/index.php?rest_route=\/wp\/v2\/pages"}],"about":[{"href":"https:\/\/emoria-ev.de\/index.php?rest_route=\/wp\/v2\/types\/page"}],"author":[{"embeddable":true,"href":"https:\/\/emoria-ev.de\/index.php?rest_route=\/wp\/v2\/users\/3"}],"replies":[{"embeddable":true,"href":"https:\/\/emoria-ev.de\/index.php?rest_route=%2Fwp%2Fv2%2Fcomments&post=213"}],"version-history":[{"count":7,"href":"https:\/\/emoria-ev.de\/index.php?rest_route=\/wp\/v2\/pages\/213\/revisions"}],"predecessor-version":[{"id":313,"href":"https:\/\/emoria-ev.de\/index.php?rest_route=\/wp\/v2\/pages\/213\/revisions\/313"}],"wp:attachment":[{"href":"https:\/\/emoria-ev.de\/index.php?rest_route=%2Fwp%2Fv2%2Fmedia&parent=213"}],"curies":[{"name":"wp","href":"https:\/\/api.w.org\/{rel}","templated":true}]}}